{"id":32,"date":"2024-10-14T16:44:44","date_gmt":"2024-10-14T16:44:44","guid":{"rendered":"https:\/\/pedic-fuss.ch\/?page_id=32"},"modified":"2026-03-17T20:13:58","modified_gmt":"2026-03-17T20:13:58","slug":"startseite","status":"publish","type":"page","link":"https:\/\/pedic-fuss.ch\/","title":{"rendered":"PedicFuss Fusspflege Manicure"},"content":{"rendered":"\n    \n    <section class=\"u-align-center u-clearfix u-image u-valign-middle-md u-valign-middle-sm u-valign-middle-xs u-section-2\" id=\"sec-b6ba\" data-image-width=\"150\" data-image-height=\"100\" style=\"background-image: url(&quot;https:\/\/pedic-fuss.ch\/wp-content\/uploads\/2024\/10\/cd7af6312751d59ad3922389d39709e546cdcdd495a96d89c5d60ce8cf4fc110a8b003d4b622e6c8d67b45dfd84305d80eb36b9c3bc8bb903b7d91_1280.jpg&quot;);\">\n      <div class=\"u-custom-color-1 u-expanded-height u-shape u-shape-rectangle u-shape-1\" data-animation-name=\"flipIn\" data-animation-duration=\"1500\" data-animation-delay=\"500\" data-animation-direction=\"X\"><\/div>\n      <div class=\"data-layout-selected u-clearfix u-layout-wrap u-layout-wrap-1\">\n        <div class=\"u-layout\">\n          <div class=\"u-layout-row\">\n            <div class=\"u-align-left u-container-align-left u-container-style u-layout-cell u-left-cell u-size-24 u-white u-layout-cell-1\" data-animation-name=\"customAnimationIn\" data-animation-duration=\"1500\" data-animation-delay=\"500\" data-href=\"#\">\n              <div class=\"u-container-layout u-valign-bottom u-container-layout-1\">\n                <h4 class=\"u-align-left u-text u-text-1\">PedicFuss&nbsp;by InCosmetic<\/h4>\n                <h1 class=\"u-align-left u-text u-text-2\">Herzlich Willkommen<\/h1>\n                <p class=\"u-align-left u-text u-text-black u-text-3\">Fusspflege &amp; Manicure<\/p>\n                <a href=\"https:\/\/pedic-fuss.ch\/wp-content\/uploads\/2026\/03\/PREISLISTEPedic5.pdf\" class=\"u-black u-border-none u-btn u-button-style u-file-link u-hover-custom-color-1 u-btn-1\" target=\"_blank\">Preisliste&nbsp;<\/a>\n              <\/div>\n            <\/div>\n            <div class=\"u-container-style u-image u-layout-cell u-right-cell u-size-36 u-image-1\" data-animation-name=\"customAnimationIn\" data-animation-duration=\"1500\" data-animation-delay=\"500\" data-image-width=\"1130\" data-image-height=\"1012\" style=\"background-image: url(&quot;https:\/\/pedic-fuss.ch\/wp-content\/uploads\/2024\/10\/Blumen1.jpg&quot;);\">\n              <div class=\"u-container-layout u-valign-bottom u-container-layout-2\"><\/div>\n            <\/div>\n          <\/div>\n        <\/div>\n      <\/div>\n    <\/section>\n    <section class=\"u-clearfix u-custom-color-1 u-valign-middle-md u-valign-top-sm u-section-3\" id=\"sec-b419\">\n      <div class=\"u-expanded-height-lg u-expanded-height-md u-expanded-height-xl u-shape u-shape-rectangle u-white u-shape-1\" data-animation-name=\"customAnimationIn\" data-animation-duration=\"1500\" data-animation-delay=\"750\"><\/div>\n      <div class=\"u-align-left u-black u-shape u-shape-2\" data-animation-name=\"customAnimationIn\" data-animation-duration=\"1500\" data-animation-delay=\"500\"><\/div>\n      <div class=\"data-layout-selected u-clearfix u-gutter-0 u-layout-wrap u-layout-wrap-1\">\n        <div class=\"u-gutter-0 u-layout\">\n          <div class=\"u-layout-row\">\n            <div class=\"u-align-left u-container-style u-image u-layout-cell u-size-20 u-image-1\" data-animation-name=\"customAnimationIn\" data-animation-duration=\"1500\" data-animation-delay=\"500\" data-image-width=\"225\" data-image-height=\"225\" style=\"background-image: url(&quot;https:\/\/pedic-fuss.ch\/wp-content\/uploads\/2024\/10\/Fuss3.jpg&quot;);\">\n              <div class=\"u-container-layout\" src=\"\"><\/div>\n            <\/div>\n            <div class=\"u-align-left u-container-style u-layout-cell u-size-20 u-layout-cell-2\" data-animation-name=\"customAnimationIn\" data-animation-duration=\"1500\" data-animation-delay=\"500\">\n              <div class=\"u-container-layout u-container-layout-2\">\n                <h2 class=\"u-text u-text-1\">Fusspflege<\/h2>\n                <p class=\"u-text u-text-body-alt-color u-text-2\">Professionelle Fusspflege sorgt f\u00fcr gesunde und gepflegte F\u00fcsse. G\u00f6nnen Sie Ihren F\u00fcssen die Aufmerksamkeit, die sie verdienen, und geniessen Sie ein angenehmes, frisches Gef\u00fchl. Ideal f\u00fcr Ihr Wohlbefinden und zur Vorbeugung von Fussproblemen!<\/p>\n              <\/div>\n            <\/div>\n            <div class=\"u-align-left u-container-style u-image u-layout-cell u-size-20 u-image-2\" data-animation-name=\"customAnimationIn\" data-animation-duration=\"1500\" data-animation-delay=\"500\" data-image-width=\"168\" data-image-height=\"300\" style=\"background-image: url(&quot;https:\/\/pedic-fuss.ch\/wp-content\/uploads\/2024\/10\/Fuss2.jpg&quot;);\">\n              <div class=\"u-container-layout\" src=\"\"><\/div>\n            <\/div>\n          <\/div>\n        <\/div>\n      <\/div>\n    <\/section>\n    <section class=\"u-clearfix u-white u-section-4\" id=\"carousel_b4cf\">\n      <div class=\"u-custom-color-1 u-expanded-height-lg u-expanded-height-md u-expanded-height-xl u-expanded-width-sm u-expanded-width-xs u-shape u-shape-rectangle u-shape-1\" data-animation-name=\"customAnimationIn\" data-animation-duration=\"1500\" data-animation-delay=\"750\"><\/div>\n      <div class=\"data-layout-selected u-clearfix u-gutter-30 u-layout-wrap u-layout-wrap-1\">\n        <div class=\"u-layout\">\n          <div class=\"u-layout-row\">\n            <div class=\"u-align-right u-black u-container-align-right u-container-style u-layout-cell u-left-cell u-size-34 u-layout-cell-1\" data-animation-name=\"customAnimationIn\" data-animation-duration=\"1500\" data-animation-delay=\"500\">\n              <div class=\"u-container-layout u-valign-top u-container-layout-1\">\n                <h2 class=\"u-align-right u-text u-text-1\"> &nbsp;<b>MANICURE&nbsp;mit Gel-Lack<\/b>\n                <\/h2>\n                <img decoding=\"async\" src=\"https:\/\/pedic-fuss.ch\/wp-content\/uploads\/2024\/10\/images6.jpg\" alt=\"\" class=\"u-align-left u-expanded-width u-image u-image-1\" data-image-width=\"275\" data-image-height=\"183\">\n              <\/div>\n            <\/div>\n            <div class=\"u-align-left u-container-align-left u-container-style u-layout-cell u-right-cell u-size-26 u-layout-cell-2\" data-animation-name=\"customAnimationIn\" data-animation-duration=\"1500\" data-animation-delay=\"500\">\n              <div class=\"u-container-layout u-container-layout-2\">\n                <img decoding=\"async\" src=\"https:\/\/pedic-fuss.ch\/wp-content\/uploads\/2024\/10\/images4.jpg\" alt=\"\" class=\"u-align-left u-expanded-width u-image u-image-2\" data-image-width=\"335\" data-image-height=\"150\">\n                <p class=\"u-align-left u-text u-text-2\"> Manik\u00fcre mit Gel-Lack sorgt f\u00fcr gepflegte H\u00e4nde und N\u00e4gel. G\u00f6nnen Sie sich sch\u00f6ne, gesunde H\u00e4nde!<\/p>\n              <\/div>\n            <\/div>\n          <\/div>\n        <\/div>\n      <\/div>\n    <\/section>\n    <section class=\"u-align-left u-clearfix u-section-5\" id=\"sec-7774\">\n      <div class=\"u-custom-color-1 u-expanded-height-lg u-expanded-height-md u-expanded-height-xl u-expanded-width-sm u-expanded-width-xs u-shape u-shape-rectangle u-shape-1\" data-animation-name=\"customAnimationIn\" data-animation-duration=\"1500\" data-animation-delay=\"750\"><\/div>\n      <h2 class=\"u-text u-text-1\" data-animation-name=\"customAnimationIn\" data-animation-duration=\"1500\" data-animation-delay=\"750\">\n        <span style=\"font-weight: 700;\">Ich freue mich&nbsp;<br>\n        <\/span>auf Ihren Kontakt&nbsp;<br>\n      <\/h2>\n      <div class=\"data-layout-selected u-clearfix u-gutter-0 u-layout-wrap u-layout-wrap-1\">\n        <div class=\"u-layout\">\n          <div class=\"u-layout-row\">\n            <div class=\"u-align-left u-container-align-left u-container-style u-layout-cell u-left-cell u-size-26 u-layout-cell-1\" data-animation-name=\"customAnimationIn\" data-animation-duration=\"1500\" data-animation-delay=\"500\">\n              <div class=\"u-container-layout u-container-layout-1\">\n                <p class=\"u-align-left u-text u-text-2\">Sera Luciano<br>Im Grund 4<br>8910 Affoltern am Albis<br>&nbsp;<br>\n                  <br>Tel.: <a href=\"tel:0041794665151\" class=\"u-active-none u-border-none u-btn u-button-link u-button-style u-hover-none u-none u-text-custom-color-1 u-btn-1\">079 466 51 51<\/a>\n                  <br>E-Mail: <a href=\"mailto:pedic.incosmetic@bluewin.ch\" class=\"u-active-none u-border-none u-btn u-button-link u-button-style u-hover-none u-none u-text-custom-color-1 u-btn-2\">pedic.incosmetic@bluewin.ch<\/a>\n                  <br>\n                  <br>\n                  <span style=\"font-weight: 700;\">Termine nach Verainbarung.<\/span>\n                <\/p>\n                <p class=\"u-align-left u-text u-text-3\"><\/p>\n              <\/div>\n            <\/div>\n            <div class=\"u-container-style u-image u-layout-cell u-size-34 u-image-1\" data-image-width=\"160\" data-image-height=\"241\" data-animation-name=\"customAnimationIn\" data-animation-duration=\"1500\" data-animation-delay=\"500\" style=\"background-image: url(&quot;https:\/\/pedic-fuss.ch\/wp-content\/uploads\/2024\/10\/SerafinaLuciano.jpg&quot;);\">\n              <div class=\"u-container-layout u-container-layout-2\"><\/div>\n            <\/div>\n          <\/div>\n        <\/div>\n      <\/div>\n    <\/section>\n    \n    \n  \n","protected":false},"excerpt":{"rendered":"<p>PedicFuss&nbsp;by InCosmetic Herzlich Willkommen Fusspflege &amp; Manicure Preisliste&nbsp; Fusspflege Professionelle Fusspflege sorgt f\u00fcr gesunde und gepflegte F\u00fcsse. G\u00f6nnen Sie Ihren F\u00fcssen die Aufmerksamkeit, die sie verdienen, und geniessen Sie ein angenehmes, frisches Gef\u00fchl. Ideal f\u00fcr Ihr Wohlbefinden und zur Vorbeugung von Fussproblemen! &nbsp;MANICURE&nbsp;mit Gel-Lack Manik\u00fcre mit Gel-Lack sorgt f\u00fcr gepflegte H\u00e4nde und N\u00e4gel. G\u00f6nnen Sie &hellip; <a href=\"https:\/\/pedic-fuss.ch\/\" class=\"more-link\">Continue reading<span class=\"screen-reader-text\"> &#8222;PedicFuss Fusspflege Manicure&#8220;<\/span><\/a><\/p>\n","protected":false},"author":1,"featured_media":0,"parent":0,"menu_order":3,"comment_status":"closed","ping_status":"closed","template":"","meta":{"footnotes":""},"class_list":["post-32","page","type-page","status-publish","hentry"],"_links":{"self":[{"href":"https:\/\/pedic-fuss.ch\/index.php?rest_route=\/wp\/v2\/pages\/32","targetHints":{"allow":["GET"]}}],"collection":[{"href":"https:\/\/pedic-fuss.ch\/index.php?rest_route=\/wp\/v2\/pages"}],"about":[{"href":"https:\/\/pedic-fuss.ch\/index.php?rest_route=\/wp\/v2\/types\/page"}],"author":[{"embeddable":true,"href":"https:\/\/pedic-fuss.ch\/index.php?rest_route=\/wp\/v2\/users\/1"}],"replies":[{"embeddable":true,"href":"https:\/\/pedic-fuss.ch\/index.php?rest_route=%2Fwp%2Fv2%2Fcomments&post=32"}],"version-history":[{"count":16,"href":"https:\/\/pedic-fuss.ch\/index.php?rest_route=\/wp\/v2\/pages\/32\/revisions"}],"predecessor-version":[{"id":69,"href":"https:\/\/pedic-fuss.ch\/index.php?rest_route=\/wp\/v2\/pages\/32\/revisions\/69"}],"wp:attachment":[{"href":"https:\/\/pedic-fuss.ch\/index.php?rest_route=%2Fwp%2Fv2%2Fmedia&parent=32"}],"curies":[{"name":"wp","href":"https:\/\/api.w.org\/{rel}","templated":true}]}}